{"id":1909,"date":"2021-07-27T16:46:35","date_gmt":"2021-07-27T21:46:35","guid":{"rendered":"https:\/\/www.ferraiz.com.co\/?page_id=1909"},"modified":"2025-11-16T22:51:17","modified_gmt":"2025-11-17T03:51:17","slug":"nuestras-fortalezas","status":"publish","type":"page","link":"https:\/\/www.ferraiz.com.co\/es_es\/nuestras-fortalezas\/","title":{"rendered":"Nuestras Fortalezas"},"content":{"rendered":"\t\t<div data-elementor-type=\"wp-page\" data-elementor-id=\"1909\" class=\"elementor elementor-1909\" data-elementor-post-type=\"page\">\n\t\t\t\t\t\t<section class=\"elementor-section elementor-top-section elementor-element elementor-element-9cf9c9e elementor-section-height-min-height elementor-section-boxed elementor-section-height-default elementor-section-items-middle\" data-id=\"9cf9c9e\" data-element_type=\"section\" data-settings=\"{&quot;background_background&quot;:&quot;classic&quot;}\">\n\t\t\t\t\t\t<div class=\"elementor-container elementor-column-gap-default\">\n\t\t\t\t\t<div class=\"elementor-column elementor-col-100 elementor-top-column elementor-element elementor-element-24df53b\" data-id=\"24df53b\" data-element_type=\"column\">\n\t\t\t<div class=\"elementor-widget-wrap elementor-element-populated\">\n\t\t\t\t\t\t<section class=\"elementor-section elementor-inner-section elementor-element elementor-element-e56970b elementor-section-boxed elementor-section-height-default elementor-section-height-default\" data-id=\"e56970b\" data-element_type=\"section\">\n\t\t\t\t\t\t<div class=\"elementor-container elementor-column-gap-default\">\n\t\t\t\t\t<div class=\"elementor-column elementor-col-100 elementor-inner-column elementor-element elementor-element-170289a\" data-id=\"170289a\" data-element_type=\"column\">\n\t\t\t<div class=\"elementor-widget-wrap elementor-element-populated\">\n\t\t\t\t\t\t<div class=\"elementor-element elementor-element-9f22faa elementor-widget elementor-widget-heading\" data-id=\"9f22faa\" data-element_type=\"widget\" data-widget_type=\"heading.default\">\n\t\t\t\t<div class=\"elementor-widget-container\">\n\t\t\t\t\t<h2 class=\"elementor-heading-title elementor-size-default\">Nuestras Fortalezas<\/h2>\t\t\t\t<\/div>\n\t\t\t\t<\/div>\n\t\t\t\t\t<\/div>\n\t\t<\/div>\n\t\t\t\t\t<\/div>\n\t\t<\/section>\n\t\t\t\t\t<\/div>\n\t\t<\/div>\n\t\t\t\t\t<\/div>\n\t\t<\/section>\n\t\t\t\t<section class=\"elementor-section elementor-top-section elementor-element elementor-element-913c79a elementor-section-boxed elementor-section-height-default elementor-section-height-default\" data-id=\"913c79a\" data-element_type=\"section\">\n\t\t\t\t\t\t<div class=\"elementor-container elementor-column-gap-default\">\n\t\t\t\t\t<div class=\"elementor-column elementor-col-100 elementor-top-column elementor-element elementor-element-8351a48\" data-id=\"8351a48\" data-element_type=\"column\">\n\t\t\t<div class=\"elementor-widget-wrap elementor-element-populated\">\n\t\t\t\t\t\t<div class=\"elementor-element elementor-element-7989973 elementor-widget elementor-widget-shortcode\" data-id=\"7989973\" data-element_type=\"widget\" data-widget_type=\"shortcode.default\">\n\t\t\t\t<div class=\"elementor-widget-container\">\n\t\t\t\t\t\t\t<div class=\"elementor-shortcode\"><nav class=\"custom-breadcrumbs\"><a href=\"https:\/\/www.ferraiz.com.co\/es_es\">Inicio<\/a> &gt; <\/nav>\n<\/div>\n\t\t\t\t\t\t<\/div>\n\t\t\t\t<\/div>\n\t\t\t\t\t<\/div>\n\t\t<\/div>\n\t\t\t\t\t<\/div>\n\t\t<\/section>\n\t\t\t\t<section class=\"elementor-section elementor-top-section elementor-element elementor-element-950ddfe elementor-section-stretched elementor-section-boxed elementor-section-height-default elementor-section-height-default\" data-id=\"950ddfe\" data-element_type=\"section\" data-settings=\"{&quot;stretch_section&quot;:&quot;section-stretched&quot;}\">\n\t\t\t\t\t\t<div class=\"elementor-container elementor-column-gap-wide\">\n\t\t\t\t\t<div class=\"elementor-column elementor-col-50 elementor-top-column elementor-element elementor-element-8b5b724\" data-id=\"8b5b724\" data-element_type=\"column\">\n\t\t\t<div class=\"elementor-widget-wrap elementor-element-populated\">\n\t\t\t\t\t\t<div class=\"elementor-element elementor-element-0517138 elementor-widget elementor-widget-heading\" data-id=\"0517138\" data-element_type=\"widget\" data-widget_type=\"heading.default\">\n\t\t\t\t<div class=\"elementor-widget-container\">\n\t\t\t\t\t<h2 class=\"elementor-heading-title elementor-size-default\">Actuamos dentro de los m\u00e1s rigurosos principios \u00e9ticos y legales.<\/h2>\t\t\t\t<\/div>\n\t\t\t\t<\/div>\n\t\t\t\t<div class=\"elementor-element elementor-element-6241be0 elementor-widget elementor-widget-heading\" data-id=\"6241be0\" data-element_type=\"widget\" data-widget_type=\"heading.default\">\n\t\t\t\t<div class=\"elementor-widget-container\">\n\t\t\t\t\t<h2 class=\"elementor-heading-title elementor-size-default\">Generamos credibilidad y manejamos responsablemente el inter\u00e9s de nuestros clientes.<\/h2>\t\t\t\t<\/div>\n\t\t\t\t<\/div>\n\t\t\t\t<div class=\"elementor-element elementor-element-9fcc207 elementor-widget elementor-widget-heading\" data-id=\"9fcc207\" data-element_type=\"widget\" data-widget_type=\"heading.default\">\n\t\t\t\t<div class=\"elementor-widget-container\">\n\t\t\t\t\t<h2 class=\"elementor-heading-title elementor-size-default\">Nuestras relaciones y actuaciones se cimentan en valores de la verdad y justicia.<\/h2>\t\t\t\t<\/div>\n\t\t\t\t<\/div>\n\t\t\t\t<div class=\"elementor-element elementor-element-92859dc elementor-widget elementor-widget-heading\" data-id=\"92859dc\" data-element_type=\"widget\" data-widget_type=\"heading.default\">\n\t\t\t\t<div class=\"elementor-widget-container\">\n\t\t\t\t\t<h2 class=\"elementor-heading-title elementor-size-default\">Encontrar\u00e1n amabilidad, atenci\u00f3n oportuna y eficaz en la prestaci\u00f3n de nuestros servicios.<\/h2>\t\t\t\t<\/div>\n\t\t\t\t<\/div>\n\t\t\t\t<div class=\"elementor-element elementor-element-411ca59 elementor-widget elementor-widget-heading\" data-id=\"411ca59\" data-element_type=\"widget\" data-widget_type=\"heading.default\">\n\t\t\t\t<div class=\"elementor-widget-container\">\n\t\t\t\t\t<h2 class=\"elementor-heading-title elementor-size-default\">Le atendemos con seriedad y cumplimiento los servicios requeridos, actuando de manera clara, consistente y oportuna.<\/h2>\t\t\t\t<\/div>\n\t\t\t\t<\/div>\n\t\t\t\t<div class=\"elementor-element elementor-element-415818f elementor-widget elementor-widget-heading\" data-id=\"415818f\" data-element_type=\"widget\" data-widget_type=\"heading.default\">\n\t\t\t\t<div class=\"elementor-widget-container\">\n\t\t\t\t\t<h2 class=\"elementor-heading-title elementor-size-default\">Propendemos por la necesidad de los dem\u00e1s, y servimos de medio para ayudar a cuidar de sus intereses.<\/h2>\t\t\t\t<\/div>\n\t\t\t\t<\/div>\n\t\t\t\t\t<\/div>\n\t\t<\/div>\n\t\t\t\t<div class=\"elementor-column elementor-col-50 elementor-top-column elementor-element elementor-element-407949c\" data-id=\"407949c\" data-element_type=\"column\">\n\t\t\t<div class=\"elementor-widget-wrap elementor-element-populated\">\n\t\t\t\t\t\t<div class=\"elementor-element elementor-element-4d9250a elementor-widget elementor-widget-image\" data-id=\"4d9250a\" data-element_type=\"widget\" data-widget_type=\"image.default\">\n\t\t\t\t<div class=\"elementor-widget-container\">\n\t\t\t\t\t\t\t\t\t\t\t\t\t\t\t<img fetchpriority=\"high\" decoding=\"async\" width=\"750\" height=\"480\" src=\"https:\/\/www.ferraiz.com.co\/wp-content\/uploads\/2021\/07\/fortalezas.jpg\" class=\"attachment-large size-large wp-image-1913\" alt=\"\" srcset=\"https:\/\/www.ferraiz.com.co\/wp-content\/uploads\/2021\/07\/fortalezas.jpg 750w, https:\/\/www.ferraiz.com.co\/wp-content\/uploads\/2021\/07\/fortalezas-300x192.jpg 300w, https:\/\/www.ferraiz.com.co\/wp-content\/uploads\/2021\/07\/fortalezas-768x492.jpg 768w, https:\/\/www.ferraiz.com.co\/wp-content\/uploads\/2021\/07\/fortalezas-100x64.jpg 100w, https:\/\/www.ferraiz.com.co\/wp-content\/uploads\/2021\/07\/fortalezas-600x384.jpg 600w\" sizes=\"(max-width: 750px) 100vw, 750px\" \/>\t\t\t\t\t\t\t\t\t\t\t\t\t\t\t<\/div>\n\t\t\t\t<\/div>\n\t\t\t\t<div class=\"elementor-element elementor-element-de40587 elementor-widget elementor-widget-spacer\" data-id=\"de40587\" data-element_type=\"widget\" data-widget_type=\"spacer.default\">\n\t\t\t\t<div class=\"elementor-widget-container\">\n\t\t\t\t\t\t\t<div class=\"elementor-spacer\">\n\t\t\t<div class=\"elementor-spacer-inner\"><\/div>\n\t\t<\/div>\n\t\t\t\t\t\t<\/div>\n\t\t\t\t<\/div>\n\t\t\t\t\t<\/div>\n\t\t<\/div>\n\t\t\t\t\t<\/div>\n\t\t<\/section>\n\t\t\t\t<\/div>\n\t\t","protected":false},"excerpt":{"rendered":"<p>Nuestras Fortalezas Actuamos dentro de los m\u00e1s rigurosos principios \u00e9ticos y legales. Generamos credibilidad y manejamos responsablemente el inter\u00e9s de nuestros clientes. Nuestras relaciones y actuaciones se cimentan en valores de la verdad y justicia. Encontrar\u00e1n amabilidad, atenci\u00f3n oportuna y eficaz en la prestaci\u00f3n de nuestros servicios. Le atendemos con seriedad y cumplimiento los servicios [&hellip;]<\/p>\n","protected":false},"author":1,"featured_media":0,"parent":0,"menu_order":0,"comment_status":"closed","ping_status":"closed","template":"","meta":{"footnotes":""},"class_list":["post-1909","page","type-page","status-publish","hentry"],"_links":{"self":[{"href":"https:\/\/www.ferraiz.com.co\/es_es\/wp-json\/wp\/v2\/pages\/1909","targetHints":{"allow":["GET"]}}],"collection":[{"href":"https:\/\/www.ferraiz.com.co\/es_es\/wp-json\/wp\/v2\/pages"}],"about":[{"href":"https:\/\/www.ferraiz.com.co\/es_es\/wp-json\/wp\/v2\/types\/page"}],"author":[{"embeddable":true,"href":"https:\/\/www.ferraiz.com.co\/es_es\/wp-json\/wp\/v2\/users\/1"}],"replies":[{"embeddable":true,"href":"https:\/\/www.ferraiz.com.co\/es_es\/wp-json\/wp\/v2\/comments?post=1909"}],"version-history":[{"count":10,"href":"https:\/\/www.ferraiz.com.co\/es_es\/wp-json\/wp\/v2\/pages\/1909\/revisions"}],"predecessor-version":[{"id":5769,"href":"https:\/\/www.ferraiz.com.co\/es_es\/wp-json\/wp\/v2\/pages\/1909\/revisions\/5769"}],"wp:attachment":[{"href":"https:\/\/www.ferraiz.com.co\/es_es\/wp-json\/wp\/v2\/media?parent=1909"}],"curies":[{"name":"wp","href":"https:\/\/api.w.org\/{rel}","templated":true}]}}