{"id":1952,"date":"2021-07-28T11:46:19","date_gmt":"2021-07-28T16:46:19","guid":{"rendered":"https:\/\/www.ferraiz.com.co\/?page_id=1952"},"modified":"2025-11-16T13:38:30","modified_gmt":"2025-11-16T18:38:30","slug":"asesoria","status":"publish","type":"page","link":"https:\/\/www.ferraiz.com.co\/es_es\/asesoria\/","title":{"rendered":"Asesor\u00eda"},"content":{"rendered":"\t\t<div data-elementor-type=\"wp-page\" data-elementor-id=\"1952\" class=\"elementor elementor-1952\" data-elementor-post-type=\"page\">\n\t\t\t\t\t\t<section class=\"elementor-section elementor-top-section elementor-element elementor-element-9cf9c9e elementor-section-height-min-height elementor-section-boxed elementor-section-height-default elementor-section-items-middle\" data-id=\"9cf9c9e\" data-element_type=\"section\" data-settings=\"{&quot;background_background&quot;:&quot;classic&quot;}\">\n\t\t\t\t\t\t<div class=\"elementor-container elementor-column-gap-default\">\n\t\t\t\t\t<div class=\"elementor-column elementor-col-100 elementor-top-column elementor-element elementor-element-24df53b\" data-id=\"24df53b\" data-element_type=\"column\">\n\t\t\t<div class=\"elementor-widget-wrap elementor-element-populated\">\n\t\t\t\t\t\t<section class=\"elementor-section elementor-inner-section elementor-element elementor-element-e56970b elementor-section-boxed elementor-section-height-default elementor-section-height-default\" data-id=\"e56970b\" data-element_type=\"section\">\n\t\t\t\t\t\t<div class=\"elementor-container elementor-column-gap-default\">\n\t\t\t\t\t<div class=\"elementor-column elementor-col-100 elementor-inner-column elementor-element elementor-element-170289a\" data-id=\"170289a\" data-element_type=\"column\">\n\t\t\t<div class=\"elementor-widget-wrap elementor-element-populated\">\n\t\t\t\t\t\t<div class=\"elementor-element elementor-element-9f22faa elementor-widget elementor-widget-heading\" data-id=\"9f22faa\" data-element_type=\"widget\" data-widget_type=\"heading.default\">\n\t\t\t\t<div class=\"elementor-widget-container\">\n\t\t\t\t\t<h2 class=\"elementor-heading-title elementor-size-default\">Asesor\u00eda<\/h2>\t\t\t\t<\/div>\n\t\t\t\t<\/div>\n\t\t\t\t\t<\/div>\n\t\t<\/div>\n\t\t\t\t\t<\/div>\n\t\t<\/section>\n\t\t\t\t\t<\/div>\n\t\t<\/div>\n\t\t\t\t\t<\/div>\n\t\t<\/section>\n\t\t\t\t<section class=\"elementor-section elementor-top-section elementor-element elementor-element-f3ade39 elementor-section-boxed elementor-section-height-default elementor-section-height-default\" data-id=\"f3ade39\" data-element_type=\"section\">\n\t\t\t\t\t\t<div class=\"elementor-container elementor-column-gap-default\">\n\t\t\t\t\t<div class=\"elementor-column elementor-col-100 elementor-top-column elementor-element elementor-element-3dfe8e6\" data-id=\"3dfe8e6\" data-element_type=\"column\">\n\t\t\t<div class=\"elementor-widget-wrap elementor-element-populated\">\n\t\t\t\t\t\t<div class=\"elementor-element elementor-element-bc58d29 elementor-widget elementor-widget-shortcode\" data-id=\"bc58d29\" data-element_type=\"widget\" data-widget_type=\"shortcode.default\">\n\t\t\t\t<div class=\"elementor-widget-container\">\n\t\t\t\t\t\t\t<div class=\"elementor-shortcode\"><nav class=\"custom-breadcrumbs\"><a href=\"https:\/\/www.ferraiz.com.co\/es_es\">Inicio<\/a> &gt; <\/nav><\/div>\n\t\t\t\t\t\t<\/div>\n\t\t\t\t<\/div>\n\t\t\t\t\t<\/div>\n\t\t<\/div>\n\t\t\t\t\t<\/div>\n\t\t<\/section>\n\t\t\t\t<section class=\"elementor-section elementor-top-section elementor-element elementor-element-950ddfe elementor-section-stretched elementor-section-boxed elementor-section-height-default elementor-section-height-default\" data-id=\"950ddfe\" data-element_type=\"section\" data-settings=\"{&quot;stretch_section&quot;:&quot;section-stretched&quot;}\">\n\t\t\t\t\t\t<div class=\"elementor-container elementor-column-gap-wide\">\n\t\t\t\t\t<div class=\"elementor-column elementor-col-50 elementor-top-column elementor-element elementor-element-8b5b724\" data-id=\"8b5b724\" data-element_type=\"column\">\n\t\t\t<div class=\"elementor-widget-wrap elementor-element-populated\">\n\t\t\t\t\t\t<div class=\"elementor-element elementor-element-a15ef22 elementor-widget elementor-widget-heading\" data-id=\"a15ef22\" data-element_type=\"widget\" data-widget_type=\"heading.default\">\n\t\t\t\t<div class=\"elementor-widget-container\">\n\t\t\t\t\t<h2 class=\"elementor-heading-title elementor-size-default\">Los m\u00faltiples negocios que pueden darse en materia inmobiliaria hacen de gran importancia la asesor\u00eda de profesionales expertos. No incurra en la falla de creer que no es necesario asesorarse, las consecuencias podr\u00e1n ser lamentables,\nexisten personas especialistas estafando a quienes esperan realizar un negocio en estos asuntos (alquilar, vender, comprar, permutar, etc.)\n\n<\/h2>\t\t\t\t<\/div>\n\t\t\t\t<\/div>\n\t\t\t\t<div class=\"elementor-element elementor-element-67a9266 elementor-widget elementor-widget-heading\" data-id=\"67a9266\" data-element_type=\"widget\" data-widget_type=\"heading.default\">\n\t\t\t\t<div class=\"elementor-widget-container\">\n\t\t\t\t\t<h2 class=\"elementor-heading-title elementor-size-default\">En Ferra\u00edz encontrar\u00e1n profesionales con experiencia que le ayudaran a una mejor comprensi\u00f3n y an\u00e1lisis de cada asunto contractual, dejando claro los derechos y obligaciones en que incurre y d\u00e1ndole herramientas para una correcta y mejor decisi\u00f3n.<\/h2>\t\t\t\t<\/div>\n\t\t\t\t<\/div>\n\t\t\t\t\t<\/div>\n\t\t<\/div>\n\t\t\t\t<div class=\"elementor-column elementor-col-50 elementor-top-column elementor-element elementor-element-407949c\" data-id=\"407949c\" data-element_type=\"column\">\n\t\t\t<div class=\"elementor-widget-wrap elementor-element-populated\">\n\t\t\t\t\t\t<div class=\"elementor-element elementor-element-4d9250a elementor-widget elementor-widget-image\" data-id=\"4d9250a\" data-element_type=\"widget\" data-widget_type=\"image.default\">\n\t\t\t\t<div class=\"elementor-widget-container\">\n\t\t\t\t\t\t\t\t\t\t\t\t\t\t\t<img fetchpriority=\"high\" decoding=\"async\" width=\"750\" height=\"452\" src=\"https:\/\/www.ferraiz.com.co\/wp-content\/uploads\/2021\/07\/asesoria.jpg\" class=\"attachment-large size-large wp-image-1959\" alt=\"\" srcset=\"https:\/\/www.ferraiz.com.co\/wp-content\/uploads\/2021\/07\/asesoria.jpg 750w, https:\/\/www.ferraiz.com.co\/wp-content\/uploads\/2021\/07\/asesoria-300x181.jpg 300w, https:\/\/www.ferraiz.com.co\/wp-content\/uploads\/2021\/07\/asesoria-768x463.jpg 768w, https:\/\/www.ferraiz.com.co\/wp-content\/uploads\/2021\/07\/asesoria-100x60.jpg 100w, https:\/\/www.ferraiz.com.co\/wp-content\/uploads\/2021\/07\/asesoria-600x362.jpg 600w\" sizes=\"(max-width: 750px) 100vw, 750px\" \/>\t\t\t\t\t\t\t\t\t\t\t\t\t\t\t<\/div>\n\t\t\t\t<\/div>\n\t\t\t\t<div class=\"elementor-element elementor-element-de40587 elementor-widget elementor-widget-spacer\" data-id=\"de40587\" data-element_type=\"widget\" data-widget_type=\"spacer.default\">\n\t\t\t\t<div class=\"elementor-widget-container\">\n\t\t\t\t\t\t\t<div class=\"elementor-spacer\">\n\t\t\t<div class=\"elementor-spacer-inner\"><\/div>\n\t\t<\/div>\n\t\t\t\t\t\t<\/div>\n\t\t\t\t<\/div>\n\t\t\t\t\t<\/div>\n\t\t<\/div>\n\t\t\t\t\t<\/div>\n\t\t<\/section>\n\t\t\t\t<\/div>\n\t\t","protected":false},"excerpt":{"rendered":"<p>Asesor\u00eda Los m\u00faltiples negocios que pueden darse en materia inmobiliaria hacen de gran importancia la asesor\u00eda de profesionales expertos. No incurra en la falla de creer que no es necesario asesorarse, las consecuencias podr\u00e1n ser lamentables, existen personas especialistas estafando a quienes esperan realizar un negocio en estos asuntos (alquilar, vender, comprar, permutar, etc.) En [&hellip;]<\/p>\n","protected":false},"author":1,"featured_media":0,"parent":0,"menu_order":0,"comment_status":"closed","ping_status":"closed","template":"","meta":{"footnotes":""},"class_list":["post-1952","page","type-page","status-publish","hentry"],"_links":{"self":[{"href":"https:\/\/www.ferraiz.com.co\/es_es\/wp-json\/wp\/v2\/pages\/1952","targetHints":{"allow":["GET"]}}],"collection":[{"href":"https:\/\/www.ferraiz.com.co\/es_es\/wp-json\/wp\/v2\/pages"}],"about":[{"href":"https:\/\/www.ferraiz.com.co\/es_es\/wp-json\/wp\/v2\/types\/page"}],"author":[{"embeddable":true,"href":"https:\/\/www.ferraiz.com.co\/es_es\/wp-json\/wp\/v2\/users\/1"}],"replies":[{"embeddable":true,"href":"https:\/\/www.ferraiz.com.co\/es_es\/wp-json\/wp\/v2\/comments?post=1952"}],"version-history":[{"count":10,"href":"https:\/\/www.ferraiz.com.co\/es_es\/wp-json\/wp\/v2\/pages\/1952\/revisions"}],"predecessor-version":[{"id":5635,"href":"https:\/\/www.ferraiz.com.co\/es_es\/wp-json\/wp\/v2\/pages\/1952\/revisions\/5635"}],"wp:attachment":[{"href":"https:\/\/www.ferraiz.com.co\/es_es\/wp-json\/wp\/v2\/media?parent=1952"}],"curies":[{"name":"wp","href":"https:\/\/api.w.org\/{rel}","templated":true}]}}