{"id":1977,"date":"2021-07-28T12:06:53","date_gmt":"2021-07-28T17:06:53","guid":{"rendered":"https:\/\/www.ferraiz.com.co\/?page_id=1977"},"modified":"2025-11-16T22:49:15","modified_gmt":"2025-11-17T03:49:15","slug":"conciliacion-en-materia-inmobiliaria","status":"publish","type":"page","link":"https:\/\/www.ferraiz.com.co\/es_es\/conciliacion-en-materia-inmobiliaria\/","title":{"rendered":"Conciliaci\u00f3n en materia Inmobiliaria"},"content":{"rendered":"\t\t<div data-elementor-type=\"wp-page\" data-elementor-id=\"1977\" class=\"elementor elementor-1977\" data-elementor-post-type=\"page\">\n\t\t\t\t\t\t<section class=\"elementor-section elementor-top-section elementor-element elementor-element-9cf9c9e elementor-section-height-min-height elementor-section-boxed elementor-section-height-default elementor-section-items-middle\" data-id=\"9cf9c9e\" data-element_type=\"section\" data-settings=\"{&quot;background_background&quot;:&quot;classic&quot;}\">\n\t\t\t\t\t\t<div class=\"elementor-container elementor-column-gap-default\">\n\t\t\t\t\t<div class=\"elementor-column elementor-col-100 elementor-top-column elementor-element elementor-element-24df53b\" data-id=\"24df53b\" data-element_type=\"column\">\n\t\t\t<div class=\"elementor-widget-wrap elementor-element-populated\">\n\t\t\t\t\t\t<section class=\"elementor-section elementor-inner-section elementor-element elementor-element-e56970b elementor-section-boxed elementor-section-height-default elementor-section-height-default\" data-id=\"e56970b\" data-element_type=\"section\">\n\t\t\t\t\t\t<div class=\"elementor-container elementor-column-gap-default\">\n\t\t\t\t\t<div class=\"elementor-column elementor-col-100 elementor-inner-column elementor-element elementor-element-170289a\" data-id=\"170289a\" data-element_type=\"column\">\n\t\t\t<div class=\"elementor-widget-wrap elementor-element-populated\">\n\t\t\t\t\t\t<div class=\"elementor-element elementor-element-9f22faa elementor-widget elementor-widget-heading\" data-id=\"9f22faa\" data-element_type=\"widget\" data-widget_type=\"heading.default\">\n\t\t\t\t<div class=\"elementor-widget-container\">\n\t\t\t\t\t<h2 class=\"elementor-heading-title elementor-size-default\">Conciliaci\u00f3n en materia Inmobiliaria<\/h2>\t\t\t\t<\/div>\n\t\t\t\t<\/div>\n\t\t\t\t\t<\/div>\n\t\t<\/div>\n\t\t\t\t\t<\/div>\n\t\t<\/section>\n\t\t\t\t\t<\/div>\n\t\t<\/div>\n\t\t\t\t\t<\/div>\n\t\t<\/section>\n\t\t\t\t<section class=\"elementor-section elementor-top-section elementor-element elementor-element-c9b2106 elementor-section-boxed elementor-section-height-default elementor-section-height-default\" data-id=\"c9b2106\" data-element_type=\"section\">\n\t\t\t\t\t\t<div class=\"elementor-container elementor-column-gap-default\">\n\t\t\t\t\t<div class=\"elementor-column elementor-col-100 elementor-top-column elementor-element elementor-element-9e89816\" data-id=\"9e89816\" data-element_type=\"column\">\n\t\t\t<div class=\"elementor-widget-wrap elementor-element-populated\">\n\t\t\t\t\t\t<div class=\"elementor-element elementor-element-a26251c elementor-widget elementor-widget-shortcode\" data-id=\"a26251c\" data-element_type=\"widget\" data-widget_type=\"shortcode.default\">\n\t\t\t\t<div class=\"elementor-widget-container\">\n\t\t\t\t\t\t\t<div class=\"elementor-shortcode\"><nav class=\"custom-breadcrumbs\"><a href=\"https:\/\/www.ferraiz.com.co\/es_es\">Inicio<\/a> &gt; <\/nav><\/div>\n\t\t\t\t\t\t<\/div>\n\t\t\t\t<\/div>\n\t\t\t\t\t<\/div>\n\t\t<\/div>\n\t\t\t\t\t<\/div>\n\t\t<\/section>\n\t\t\t\t<section class=\"elementor-section elementor-top-section elementor-element elementor-element-950ddfe elementor-section-stretched elementor-section-boxed elementor-section-height-default elementor-section-height-default\" data-id=\"950ddfe\" data-element_type=\"section\" data-settings=\"{&quot;stretch_section&quot;:&quot;section-stretched&quot;}\">\n\t\t\t\t\t\t<div class=\"elementor-container elementor-column-gap-wide\">\n\t\t\t\t\t<div class=\"elementor-column elementor-col-50 elementor-top-column elementor-element elementor-element-8b5b724\" data-id=\"8b5b724\" data-element_type=\"column\">\n\t\t\t<div class=\"elementor-widget-wrap elementor-element-populated\">\n\t\t\t\t\t\t<div class=\"elementor-element elementor-element-e2dd50b elementor-widget elementor-widget-heading\" data-id=\"e2dd50b\" data-element_type=\"widget\" data-widget_type=\"heading.default\">\n\t\t\t\t<div class=\"elementor-widget-container\">\n\t\t\t\t\t<h2 class=\"elementor-heading-title elementor-size-default\">Son m\u00faltiples los conflictos que se generan en materia inmobiliaria sin importar qu\u00e9 clase de calidad se tenga, ya sea frente a arrendatarios, arrendadores, promitentes o compradores y vendedores, permutantes, con vecinos, etc. En la actualidad esta clase de conflictos del mercado inmobiliario congestionan significativamente los despachos judiciales, haciendo m\u00e1s costoso y demorado la soluci\u00f3n al problema, no obstante de ser posible su arreglo de forma directa y eficaz por un Conciliador.<\/h2>\t\t\t\t<\/div>\n\t\t\t\t<\/div>\n\t\t\t\t<div class=\"elementor-element elementor-element-46fb8e8 elementor-widget elementor-widget-heading\" data-id=\"46fb8e8\" data-element_type=\"widget\" data-widget_type=\"heading.default\">\n\t\t\t\t<div class=\"elementor-widget-container\">\n\t\t\t\t\t<h2 class=\"elementor-heading-title elementor-size-default\">En Ferra\u00edz encontrar\u00e1 Conciliadores de la C\u00e1mara de Comercio y Universidad Pontificia Javeriana, expertos en materia inmobiliaria, quienes garantizan la transparencia y profesionalismo, a fin de lograr establecer en derecho acuerdos que pongan fin a los conflictos, ahorrando en costos y tiempo.<\/h2>\t\t\t\t<\/div>\n\t\t\t\t<\/div>\n\t\t\t\t<div class=\"elementor-element elementor-element-4b54908 elementor-widget elementor-widget-heading\" data-id=\"4b54908\" data-element_type=\"widget\" data-widget_type=\"heading.default\">\n\t\t\t\t<div class=\"elementor-widget-container\">\n\t\t\t\t\t<h2 class=\"elementor-heading-title elementor-size-default\">Recuerde\u2026 la conciliaci\u00f3n restablece las relaciones, es mejor llegar a un acuerdo que iniciar un pleito.<\/h2>\t\t\t\t<\/div>\n\t\t\t\t<\/div>\n\t\t\t\t\t<\/div>\n\t\t<\/div>\n\t\t\t\t<div class=\"elementor-column elementor-col-50 elementor-top-column elementor-element elementor-element-407949c\" data-id=\"407949c\" data-element_type=\"column\">\n\t\t\t<div class=\"elementor-widget-wrap elementor-element-populated\">\n\t\t\t\t\t\t<div class=\"elementor-element elementor-element-4d9250a elementor-widget elementor-widget-image\" data-id=\"4d9250a\" data-element_type=\"widget\" data-widget_type=\"image.default\">\n\t\t\t\t<div class=\"elementor-widget-container\">\n\t\t\t\t\t\t\t\t\t\t\t\t\t\t\t<img fetchpriority=\"high\" decoding=\"async\" width=\"750\" height=\"563\" src=\"https:\/\/www.ferraiz.com.co\/wp-content\/uploads\/2021\/07\/Conciliacion-en-materia-Inmobiliaria.jpg\" class=\"attachment-large size-large wp-image-1984\" alt=\"\" srcset=\"https:\/\/www.ferraiz.com.co\/wp-content\/uploads\/2021\/07\/Conciliacion-en-materia-Inmobiliaria.jpg 750w, https:\/\/www.ferraiz.com.co\/wp-content\/uploads\/2021\/07\/Conciliacion-en-materia-Inmobiliaria-300x225.jpg 300w, https:\/\/www.ferraiz.com.co\/wp-content\/uploads\/2021\/07\/Conciliacion-en-materia-Inmobiliaria-768x576.jpg 768w, https:\/\/www.ferraiz.com.co\/wp-content\/uploads\/2021\/07\/Conciliacion-en-materia-Inmobiliaria-100x75.jpg 100w, https:\/\/www.ferraiz.com.co\/wp-content\/uploads\/2021\/07\/Conciliacion-en-materia-Inmobiliaria-600x450.jpg 600w\" sizes=\"(max-width: 750px) 100vw, 750px\" \/>\t\t\t\t\t\t\t\t\t\t\t\t\t\t\t<\/div>\n\t\t\t\t<\/div>\n\t\t\t\t<div class=\"elementor-element elementor-element-de40587 elementor-widget elementor-widget-spacer\" data-id=\"de40587\" data-element_type=\"widget\" data-widget_type=\"spacer.default\">\n\t\t\t\t<div class=\"elementor-widget-container\">\n\t\t\t\t\t\t\t<div class=\"elementor-spacer\">\n\t\t\t<div class=\"elementor-spacer-inner\"><\/div>\n\t\t<\/div>\n\t\t\t\t\t\t<\/div>\n\t\t\t\t<\/div>\n\t\t\t\t\t<\/div>\n\t\t<\/div>\n\t\t\t\t\t<\/div>\n\t\t<\/section>\n\t\t\t\t<\/div>\n\t\t","protected":false},"excerpt":{"rendered":"<p>Conciliaci\u00f3n en materia Inmobiliaria Son m\u00faltiples los conflictos que se generan en materia inmobiliaria sin importar qu\u00e9 clase de calidad se tenga, ya sea frente a arrendatarios, arrendadores, promitentes o compradores y vendedores, permutantes, con vecinos, etc. En la actualidad esta clase de conflictos del mercado inmobiliario congestionan significativamente los despachos judiciales, haciendo m\u00e1s costoso [&hellip;]<\/p>\n","protected":false},"author":1,"featured_media":0,"parent":0,"menu_order":0,"comment_status":"closed","ping_status":"closed","template":"","meta":{"footnotes":""},"class_list":["post-1977","page","type-page","status-publish","hentry"],"_links":{"self":[{"href":"https:\/\/www.ferraiz.com.co\/es_es\/wp-json\/wp\/v2\/pages\/1977","targetHints":{"allow":["GET"]}}],"collection":[{"href":"https:\/\/www.ferraiz.com.co\/es_es\/wp-json\/wp\/v2\/pages"}],"about":[{"href":"https:\/\/www.ferraiz.com.co\/es_es\/wp-json\/wp\/v2\/types\/page"}],"author":[{"embeddable":true,"href":"https:\/\/www.ferraiz.com.co\/es_es\/wp-json\/wp\/v2\/users\/1"}],"replies":[{"embeddable":true,"href":"https:\/\/www.ferraiz.com.co\/es_es\/wp-json\/wp\/v2\/comments?post=1977"}],"version-history":[{"count":10,"href":"https:\/\/www.ferraiz.com.co\/es_es\/wp-json\/wp\/v2\/pages\/1977\/revisions"}],"predecessor-version":[{"id":5763,"href":"https:\/\/www.ferraiz.com.co\/es_es\/wp-json\/wp\/v2\/pages\/1977\/revisions\/5763"}],"wp:attachment":[{"href":"https:\/\/www.ferraiz.com.co\/es_es\/wp-json\/wp\/v2\/media?parent=1977"}],"curies":[{"name":"wp","href":"https:\/\/api.w.org\/{rel}","templated":true}]}}