{"id":2174,"date":"2021-08-04T10:50:56","date_gmt":"2021-08-04T15:50:56","guid":{"rendered":"https:\/\/www.ferraiz.com.co\/?page_id=2174"},"modified":"2021-08-05T15:56:13","modified_gmt":"2021-08-05T20:56:13","slug":"publique-su-inmueble","status":"publish","type":"page","link":"https:\/\/www.ferraiz.com.co\/es_es\/publique-su-inmueble\/","title":{"rendered":"Publique su Inmueble"},"content":{"rendered":"\t\t<div data-elementor-type=\"wp-page\" data-elementor-id=\"2174\" class=\"elementor elementor-2174\" data-elementor-post-type=\"page\">\n\t\t\t\t\t\t<section class=\"elementor-section elementor-top-section elementor-element elementor-element-9cf9c9e elementor-section-height-min-height elementor-section-boxed elementor-section-height-default elementor-section-items-middle\" data-id=\"9cf9c9e\" data-element_type=\"section\" data-settings=\"{&quot;background_background&quot;:&quot;classic&quot;}\">\n\t\t\t\t\t\t<div class=\"elementor-container elementor-column-gap-default\">\n\t\t\t\t\t<div class=\"elementor-column elementor-col-100 elementor-top-column elementor-element elementor-element-24df53b\" data-id=\"24df53b\" data-element_type=\"column\">\n\t\t\t<div class=\"elementor-widget-wrap elementor-element-populated\">\n\t\t\t\t\t\t<section class=\"elementor-section elementor-inner-section elementor-element elementor-element-e56970b elementor-section-boxed elementor-section-height-default elementor-section-height-default\" data-id=\"e56970b\" data-element_type=\"section\">\n\t\t\t\t\t\t<div class=\"elementor-container elementor-column-gap-default\">\n\t\t\t\t\t<div class=\"elementor-column elementor-col-100 elementor-inner-column elementor-element elementor-element-170289a\" data-id=\"170289a\" data-element_type=\"column\">\n\t\t\t<div class=\"elementor-widget-wrap elementor-element-populated\">\n\t\t\t\t\t\t<div class=\"elementor-element elementor-element-9f22faa elementor-widget elementor-widget-heading\" data-id=\"9f22faa\" data-element_type=\"widget\" data-widget_type=\"heading.default\">\n\t\t\t\t<div class=\"elementor-widget-container\">\n\t\t\t\t\t<h2 class=\"elementor-heading-title elementor-size-default\">Publique su Inmueble<\/h2>\t\t\t\t<\/div>\n\t\t\t\t<\/div>\n\t\t\t\t\t<\/div>\n\t\t<\/div>\n\t\t\t\t\t<\/div>\n\t\t<\/section>\n\t\t\t\t\t<\/div>\n\t\t<\/div>\n\t\t\t\t\t<\/div>\n\t\t<\/section>\n\t\t\t\t<section class=\"elementor-section elementor-top-section elementor-element elementor-element-3722ae4 elementor-section-boxed elementor-section-height-default elementor-section-height-default\" data-id=\"3722ae4\" data-element_type=\"section\">\n\t\t\t\t\t\t<div class=\"elementor-container elementor-column-gap-default\">\n\t\t\t\t\t<div class=\"elementor-column elementor-col-100 elementor-top-column elementor-element elementor-element-bc40dca\" data-id=\"bc40dca\" data-element_type=\"column\">\n\t\t\t<div class=\"elementor-widget-wrap elementor-element-populated\">\n\t\t\t\t\t\t<div class=\"elementor-element elementor-element-b08391c elementor-widget elementor-widget-spacer\" data-id=\"b08391c\" data-element_type=\"widget\" data-widget_type=\"spacer.default\">\n\t\t\t\t<div class=\"elementor-widget-container\">\n\t\t\t\t\t\t\t<div class=\"elementor-spacer\">\n\t\t\t<div class=\"elementor-spacer-inner\"><\/div>\n\t\t<\/div>\n\t\t\t\t\t\t<\/div>\n\t\t\t\t<\/div>\n\t\t\t\t<div class=\"elementor-element elementor-element-602905e elementor-widget elementor-widget-heading\" data-id=\"602905e\" data-element_type=\"widget\" data-widget_type=\"heading.default\">\n\t\t\t\t<div class=\"elementor-widget-container\">\n\t\t\t\t\t<p class=\"elementor-heading-title elementor-size-default\">Completa los datos del siguiente formulario y pulsa el bot\u00f3n Enviar.\nEl equipo de Ferra\u00edz revisar\u00e1 tu formulario y se pondr\u00e1 en contacto contigo de ser necesario.<\/p>\t\t\t\t<\/div>\n\t\t\t\t<\/div>\n\t\t\t\t<div class=\"elementor-element elementor-element-bf84f2d elementor-widget elementor-widget-spacer\" data-id=\"bf84f2d\" data-element_type=\"widget\" data-widget_type=\"spacer.default\">\n\t\t\t\t<div class=\"elementor-widget-container\">\n\t\t\t\t\t\t\t<div class=\"elementor-spacer\">\n\t\t\t<div class=\"elementor-spacer-inner\"><\/div>\n\t\t<\/div>\n\t\t\t\t\t\t<\/div>\n\t\t\t\t<\/div>\n\t\t\t\t\t<\/div>\n\t\t<\/div>\n\t\t\t\t\t<\/div>\n\t\t<\/section>\n\t\t\t\t<section class=\"elementor-section elementor-top-section elementor-element elementor-element-11dc5fa elementor-section-boxed elementor-section-height-default elementor-section-height-default\" data-id=\"11dc5fa\" data-element_type=\"section\">\n\t\t\t\t\t\t<div class=\"elementor-container elementor-column-gap-default\">\n\t\t\t\t\t<div class=\"elementor-column elementor-col-100 elementor-top-column elementor-element elementor-element-de5ab5b\" data-id=\"de5ab5b\" data-element_type=\"column\">\n\t\t\t<div class=\"elementor-widget-wrap elementor-element-populated\">\n\t\t\t\t\t\t<div class=\"elementor-element elementor-element-4e2750a elementor-widget elementor-widget-spacer\" data-id=\"4e2750a\" data-element_type=\"widget\" data-widget_type=\"spacer.default\">\n\t\t\t\t<div class=\"elementor-widget-container\">\n\t\t\t\t\t\t\t<div class=\"elementor-spacer\">\n\t\t\t<div class=\"elementor-spacer-inner\"><\/div>\n\t\t<\/div>\n\t\t\t\t\t\t<\/div>\n\t\t\t\t<\/div>\n\t\t\t\t\t<\/div>\n\t\t<\/div>\n\t\t\t\t\t<\/div>\n\t\t<\/section>\n\t\t\t\t<\/div>\n\t\t","protected":false},"excerpt":{"rendered":"<p>Publique su Inmueble Completa los datos del siguiente formulario y pulsa el bot\u00f3n Enviar. El equipo de Ferra\u00edz revisar\u00e1 tu formulario y se pondr\u00e1 en contacto contigo de ser necesario. CIUDAD: &#8212;CaliPalmiraJamund\u00ed PRECIO: &nbsp; FINALIDAD: VentaAlquiler &nbsp; CLASE DE INMUEBLE: ApartamentoCasaFincaLocalOficinaApartaestudioBodegaLote &nbsp; ZONA: CentroNorteOrienteSurOccidente &nbsp; USO: ResidencialComercialTur\u00edstico PLANTAS: &#8212;1 Planta2 Plantas3 Plantas4 Plantas \u00c1REA PRIVADA: [&hellip;]<\/p>\n","protected":false},"author":1,"featured_media":0,"parent":0,"menu_order":0,"comment_status":"closed","ping_status":"closed","template":"","meta":{"footnotes":""},"class_list":["post-2174","page","type-page","status-publish","hentry"],"_links":{"self":[{"href":"https:\/\/www.ferraiz.com.co\/es_es\/wp-json\/wp\/v2\/pages\/2174","targetHints":{"allow":["GET"]}}],"collection":[{"href":"https:\/\/www.ferraiz.com.co\/es_es\/wp-json\/wp\/v2\/pages"}],"about":[{"href":"https:\/\/www.ferraiz.com.co\/es_es\/wp-json\/wp\/v2\/types\/page"}],"author":[{"embeddable":true,"href":"https:\/\/www.ferraiz.com.co\/es_es\/wp-json\/wp\/v2\/users\/1"}],"replies":[{"embeddable":true,"href":"https:\/\/www.ferraiz.com.co\/es_es\/wp-json\/wp\/v2\/comments?post=2174"}],"version-history":[{"count":11,"href":"https:\/\/www.ferraiz.com.co\/es_es\/wp-json\/wp\/v2\/pages\/2174\/revisions"}],"predecessor-version":[{"id":3366,"href":"https:\/\/www.ferraiz.com.co\/es_es\/wp-json\/wp\/v2\/pages\/2174\/revisions\/3366"}],"wp:attachment":[{"href":"https:\/\/www.ferraiz.com.co\/es_es\/wp-json\/wp\/v2\/media?parent=2174"}],"curies":[{"name":"wp","href":"https:\/\/api.w.org\/{rel}","templated":true}]}}